{"id":7166,"date":"2025-04-16T22:12:58","date_gmt":"2025-04-17T01:12:58","guid":{"rendered":"https:\/\/sourcing.uls.com.uy\/?post_type=product&#038;p=7166"},"modified":"2025-05-14T15:34:19","modified_gmt":"2025-05-14T18:34:19","slug":"tienda-para-acampar","status":"publish","type":"product","link":"https:\/\/sourcing.uls.com.uy\/?product=tienda-para-acampar","title":{"rendered":"Tienda para acampar"},"content":{"rendered":"<p>Medidas: 366x(300+220)214cm Colores: Personalizable<\/p>\n<p>Materiales:<\/p>\n<p>Carpa: Poli\u00e9ster 68D resistente, PU 3000 mm, costuras selladas<\/p>\n<p>Poste: Fibra de vidrio \u00f89,5 mm + acero \u00f819 mm<\/p>\n<p>Suelo: PE resistente 115 g\/m\u00b2<\/p>\n<p>Estacas: Acero 17,8 cm<\/p>\n","protected":false},"excerpt":{"rendered":"<p>Medidas: 366x(300+220)214cm Colores: Personalizable Materiales: Carpa: Poli\u00e9ster 68D resistente, PU 3000 mm, costuras selladas Poste: Fibra de vidrio \u00f89,5 mm + acero \u00f819 mm Suelo: PE resistente 115 g\/m\u00b2 Estacas: Acero 17,8 cm<\/p>\n","protected":false},"featured_media":7167,"template":"","meta":[],"product_brand":[],"product_cat":[38],"product_tag":[],"class_list":{"0":"post-7166","1":"product","2":"type-product","3":"status-publish","4":"has-post-thumbnail","6":"product_cat-salud-y-recreacion","8":"first","9":"instock","10":"shipping-taxable","11":"purchasable","12":"product-type-simple"},"_links":{"self":[{"href":"https:\/\/sourcing.uls.com.uy\/index.php?rest_route=\/wp\/v2\/product\/7166","targetHints":{"allow":["GET"]}}],"collection":[{"href":"https:\/\/sourcing.uls.com.uy\/index.php?rest_route=\/wp\/v2\/product"}],"about":[{"href":"https:\/\/sourcing.uls.com.uy\/index.php?rest_route=\/wp\/v2\/types\/product"}],"wp:featuredmedia":[{"embeddable":true,"href":"https:\/\/sourcing.uls.com.uy\/index.php?rest_route=\/wp\/v2\/media\/7167"}],"wp:attachment":[{"href":"https:\/\/sourcing.uls.com.uy\/index.php?rest_route=%2Fwp%2Fv2%2Fmedia&parent=7166"}],"wp:term":[{"taxonomy":"product_brand","embeddable":true,"href":"https:\/\/sourcing.uls.com.uy\/index.php?rest_route=%2Fwp%2Fv2%2Fproduct_brand&post=7166"},{"taxonomy":"product_cat","embeddable":true,"href":"https:\/\/sourcing.uls.com.uy\/index.php?rest_route=%2Fwp%2Fv2%2Fproduct_cat&post=7166"},{"taxonomy":"product_tag","embeddable":true,"href":"https:\/\/sourcing.uls.com.uy\/index.php?rest_route=%2Fwp%2Fv2%2Fproduct_tag&post=7166"}],"curies":[{"name":"wp","href":"https:\/\/api.w.org\/{rel}","templated":true}]}}