{"id":7101,"date":"2025-04-16T22:12:46","date_gmt":"2025-04-17T01:12:46","guid":{"rendered":"https:\/\/sourcing.uls.com.uy\/?post_type=product&#038;p=7101"},"modified":"2025-05-14T15:03:53","modified_gmt":"2025-05-14T18:03:53","slug":"tienda-de-campana","status":"publish","type":"product","link":"https:\/\/sourcing.uls.com.uy\/?product=tienda-de-campana","title":{"rendered":"Carpa"},"content":{"rendered":"<p>Medidas: \uff08600+2100+600\uff09*1300*1100 Colores: Rojo, gris<\/p>\n<p>Materiales:<\/p>\n<p>Toldo: Poli\u00e9ster 210T con revestimiento impermeable de PU3000 mm y costuras selladas<\/p>\n<p>Tienda interior: Poli\u00e9ster 210T transpirable<\/p>\n<p>Malla: Malla de nylon de alta densidad<\/p>\n<p>Suelo: Poli\u00e9ster Oxford 150D con revestimiento impermeable de PU4000 mm y costuras selladas<\/p>\n<p>Postes: Aluminio 7001<\/p>\n<p>Peso: 3,60 kg<\/p>\n","protected":false},"excerpt":{"rendered":"<p>Medidas: \uff08600+2100+600\uff09*1300*1100 Colores: Rojo, gris Materiales: Toldo: Poli\u00e9ster 210T con revestimiento impermeable de PU3000 mm y costuras selladas Tienda interior: Poli\u00e9ster 210T transpirable Malla: Malla de nylon de alta densidad Suelo: Poli\u00e9ster Oxford 150D con revestimiento impermeable de PU4000 mm y costuras selladas Postes: Aluminio 7001 Peso: 3,60 kg<\/p>\n","protected":false},"featured_media":7102,"template":"","meta":[],"product_brand":[],"product_cat":[38],"product_tag":[],"class_list":{"0":"post-7101","1":"product","2":"type-product","3":"status-publish","4":"has-post-thumbnail","6":"product_cat-salud-y-recreacion","8":"first","9":"instock","10":"shipping-taxable","11":"purchasable","12":"product-type-simple"},"_links":{"self":[{"href":"https:\/\/sourcing.uls.com.uy\/index.php?rest_route=\/wp\/v2\/product\/7101","targetHints":{"allow":["GET"]}}],"collection":[{"href":"https:\/\/sourcing.uls.com.uy\/index.php?rest_route=\/wp\/v2\/product"}],"about":[{"href":"https:\/\/sourcing.uls.com.uy\/index.php?rest_route=\/wp\/v2\/types\/product"}],"wp:featuredmedia":[{"embeddable":true,"href":"https:\/\/sourcing.uls.com.uy\/index.php?rest_route=\/wp\/v2\/media\/7102"}],"wp:attachment":[{"href":"https:\/\/sourcing.uls.com.uy\/index.php?rest_route=%2Fwp%2Fv2%2Fmedia&parent=7101"}],"wp:term":[{"taxonomy":"product_brand","embeddable":true,"href":"https:\/\/sourcing.uls.com.uy\/index.php?rest_route=%2Fwp%2Fv2%2Fproduct_brand&post=7101"},{"taxonomy":"product_cat","embeddable":true,"href":"https:\/\/sourcing.uls.com.uy\/index.php?rest_route=%2Fwp%2Fv2%2Fproduct_cat&post=7101"},{"taxonomy":"product_tag","embeddable":true,"href":"https:\/\/sourcing.uls.com.uy\/index.php?rest_route=%2Fwp%2Fv2%2Fproduct_tag&post=7101"}],"curies":[{"name":"wp","href":"https:\/\/api.w.org\/{rel}","templated":true}]}}