{"id":7084,"date":"2025-04-16T22:12:43","date_gmt":"2025-04-17T01:12:43","guid":{"rendered":"https:\/\/sourcing.uls.com.uy\/?post_type=product&#038;p=7084"},"modified":"2025-05-14T15:29:21","modified_gmt":"2025-05-14T18:29:21","slug":"toallitas-humedas-2","status":"publish","type":"product","link":"https:\/\/sourcing.uls.com.uy\/?product=toallitas-humedas-2","title":{"rendered":"Toallitas h\u00famedas"},"content":{"rendered":"<p>Medidas: 18*15CM Colores: &#8211;<\/p>\n<p>Nuestras toallitas para beb\u00e9s son hipoalerg\u00e9nicas, dermatol\u00f3gicamente probadas y dise\u00f1adas para pieles delicadas y sensibles, no contienen parabenos, alcohol, MIT, jab\u00f3n, sulfatos ni qu\u00edmicos agresivos, son ecol\u00f3gicas, aptas para veganos y no se prueban en animales.<\/p>\n","protected":false},"excerpt":{"rendered":"<p>Medidas: 18*15CM Colores: &#8211; Nuestras toallitas para beb\u00e9s son hipoalerg\u00e9nicas, dermatol\u00f3gicamente probadas y dise\u00f1adas para pieles delicadas y sensibles, no contienen parabenos, alcohol, MIT, jab\u00f3n, sulfatos ni qu\u00edmicos agresivos, son ecol\u00f3gicas, aptas para veganos y no se prueban en animales.<\/p>\n","protected":false},"featured_media":7085,"template":"","meta":[],"product_brand":[],"product_cat":[38],"product_tag":[],"class_list":{"0":"post-7084","1":"product","2":"type-product","3":"status-publish","4":"has-post-thumbnail","6":"product_cat-salud-y-recreacion","8":"first","9":"instock","10":"shipping-taxable","11":"purchasable","12":"product-type-simple"},"_links":{"self":[{"href":"https:\/\/sourcing.uls.com.uy\/index.php?rest_route=\/wp\/v2\/product\/7084","targetHints":{"allow":["GET"]}}],"collection":[{"href":"https:\/\/sourcing.uls.com.uy\/index.php?rest_route=\/wp\/v2\/product"}],"about":[{"href":"https:\/\/sourcing.uls.com.uy\/index.php?rest_route=\/wp\/v2\/types\/product"}],"wp:featuredmedia":[{"embeddable":true,"href":"https:\/\/sourcing.uls.com.uy\/index.php?rest_route=\/wp\/v2\/media\/7085"}],"wp:attachment":[{"href":"https:\/\/sourcing.uls.com.uy\/index.php?rest_route=%2Fwp%2Fv2%2Fmedia&parent=7084"}],"wp:term":[{"taxonomy":"product_brand","embeddable":true,"href":"https:\/\/sourcing.uls.com.uy\/index.php?rest_route=%2Fwp%2Fv2%2Fproduct_brand&post=7084"},{"taxonomy":"product_cat","embeddable":true,"href":"https:\/\/sourcing.uls.com.uy\/index.php?rest_route=%2Fwp%2Fv2%2Fproduct_cat&post=7084"},{"taxonomy":"product_tag","embeddable":true,"href":"https:\/\/sourcing.uls.com.uy\/index.php?rest_route=%2Fwp%2Fv2%2Fproduct_tag&post=7084"}],"curies":[{"name":"wp","href":"https:\/\/api.w.org\/{rel}","templated":true}]}}