{"id":6960,"date":"2025-04-16T22:12:19","date_gmt":"2025-04-17T01:12:19","guid":{"rendered":"https:\/\/sourcing.uls.com.uy\/?post_type=product&#038;p=6960"},"modified":"2025-05-14T15:14:28","modified_gmt":"2025-05-14T18:14:28","slug":"ultrasonic-depuradora-de-piel","status":"publish","type":"product","link":"https:\/\/sourcing.uls.com.uy\/?product=ultrasonic-depuradora-de-piel","title":{"rendered":"Depuradora de piel ultras\u00f3nica"},"content":{"rendered":"<p>Medidas: 175mm *20mm Colores: &#8211;<\/p>\n<p>Bater\u00eda recargable de 500 mAh y 3,7 V<\/p>\n<p>Potencia: 5 V\/1 A<\/p>\n<p>Tiempo de carga: Aproximadamente 2 horas<\/p>\n<p>Tiempo de funcionamiento: 1,5 horas<\/p>\n<p>Frecuencia ultras\u00f3nica: 20-30 KHZ<\/p>\n<p>Tres configuraciones: 1. Modo para limpieza, 2. Modo para nutrici\u00f3n y 3. Modo EMS de lifting y reafirmaci\u00f3n.<\/p>\n<p>Limpieza profunda de la piel; elimina c\u00e9lulas muertas, puntos negros y acn\u00e9.<\/p>\n<p>Repara la piel y promueve su reafirmaci\u00f3n y tersura.<\/p>\n<p>Aporta nutrientes y activa la piel.<\/p>\n<p>Viene con cable de carga USB.<\/p>\n","protected":false},"excerpt":{"rendered":"<p>Medidas: 175mm *20mm Colores: &#8211; Bater\u00eda recargable de 500 mAh y 3,7 V Potencia: 5 V\/1 A Tiempo de carga: Aproximadamente 2 horas Tiempo de funcionamiento: 1,5 horas Frecuencia ultras\u00f3nica: 20-30 KHZ Tres configuraciones: 1. Modo para limpieza, 2. Modo para nutrici\u00f3n y 3. Modo EMS de lifting y reafirmaci\u00f3n. Limpieza profunda de la piel; [&hellip;]<\/p>\n","protected":false},"featured_media":6961,"template":"","meta":[],"product_brand":[],"product_cat":[38],"product_tag":[],"class_list":{"0":"post-6960","1":"product","2":"type-product","3":"status-publish","4":"has-post-thumbnail","6":"product_cat-salud-y-recreacion","8":"first","9":"instock","10":"shipping-taxable","11":"purchasable","12":"product-type-simple"},"_links":{"self":[{"href":"https:\/\/sourcing.uls.com.uy\/index.php?rest_route=\/wp\/v2\/product\/6960","targetHints":{"allow":["GET"]}}],"collection":[{"href":"https:\/\/sourcing.uls.com.uy\/index.php?rest_route=\/wp\/v2\/product"}],"about":[{"href":"https:\/\/sourcing.uls.com.uy\/index.php?rest_route=\/wp\/v2\/types\/product"}],"wp:featuredmedia":[{"embeddable":true,"href":"https:\/\/sourcing.uls.com.uy\/index.php?rest_route=\/wp\/v2\/media\/6961"}],"wp:attachment":[{"href":"https:\/\/sourcing.uls.com.uy\/index.php?rest_route=%2Fwp%2Fv2%2Fmedia&parent=6960"}],"wp:term":[{"taxonomy":"product_brand","embeddable":true,"href":"https:\/\/sourcing.uls.com.uy\/index.php?rest_route=%2Fwp%2Fv2%2Fproduct_brand&post=6960"},{"taxonomy":"product_cat","embeddable":true,"href":"https:\/\/sourcing.uls.com.uy\/index.php?rest_route=%2Fwp%2Fv2%2Fproduct_cat&post=6960"},{"taxonomy":"product_tag","embeddable":true,"href":"https:\/\/sourcing.uls.com.uy\/index.php?rest_route=%2Fwp%2Fv2%2Fproduct_tag&post=6960"}],"curies":[{"name":"wp","href":"https:\/\/api.w.org\/{rel}","templated":true}]}}