{"id":6912,"date":"2025-04-16T22:12:11","date_gmt":"2025-04-17T01:12:11","guid":{"rendered":"https:\/\/sourcing.uls.com.uy\/?post_type=product&#038;p=6912"},"modified":"2025-05-14T15:23:35","modified_gmt":"2025-05-14T18:23:35","slug":"trampolin-de-jardin-exterior","status":"publish","type":"product","link":"https:\/\/sourcing.uls.com.uy\/?product=trampolin-de-jardin-exterior","title":{"rendered":"Trampol\u00edn de jardin exterior"},"content":{"rendered":"<p>Medidas: 3660x800x2600 Colores: Verde<\/p>\n<p>Caracter\u00edsticas:<\/p>\n<p>1. SEGURIDAD GARANTIZADA: La seguridad es nuestra m\u00e1xima prioridad. Cuenta con dos juntas de acero \u00fanicas que proporcionan una base s\u00f3lida y un uso duradero. La red de 180 cm de altura (fabricada en polietileno ecol\u00f3gico) garantiza seguridad y rapidez absolutas al saltar.<\/p>\n<p>2. CONSTRUIDO PARA DURAR: La estructura de acero galvanizado en caliente, revestida con un acolchado impermeable, permite exponerse al sol sin riesgo. Su tiempo de protecci\u00f3n contra la oxidaci\u00f3n es cinco veces mayor que el del galvanizado com\u00fan. La secci\u00f3n en T reforzada estabiliza la estructura superior de la estructura al trampol\u00edn y evita la torsi\u00f3n estructural. Los postes est\u00e1n acolchados con espuma de 18 mm de grosor para proteger a los ni\u00f1os de golpes.<\/p>\n<p>3. Peso m\u00e1ximo del usuario: 150,00 KGS<\/p>\n<p>ESPECIFICACIONES:<br \/>\nDi\u00e1metro: 3,6 m<br \/>\nAltura de la cama el\u00e1stica (con red): 2,6 m<br \/>\nAltura del marco (sin red): 0,8 m<\/p>\n<p>Red del cerramiento: 1,8 m<br \/>\nEstructura de tubo de acero: Galvanizado profundo, \u00d838<\/p>\n<p>Pata de ancho: Galvanizada profunda, \u00d838<br \/>\nMuelles: 72 unidades de 145 cm<br \/>\nMaterial de la colchoneta: Polipropileno (PP)<br \/>\nCubierta del marco: PVC+PE con espuma de 16 mm.<br \/>\nRed: Malla de PE<\/p>\n","protected":false},"excerpt":{"rendered":"<p>Medidas: 3660x800x2600 Colores: Verde Caracter\u00edsticas: 1. SEGURIDAD GARANTIZADA: La seguridad es nuestra m\u00e1xima prioridad. Cuenta con dos juntas de acero \u00fanicas que proporcionan una base s\u00f3lida y un uso duradero. La red de 180 cm de altura (fabricada en polietileno ecol\u00f3gico) garantiza seguridad y rapidez absolutas al saltar. 2. CONSTRUIDO PARA DURAR: La estructura de [&hellip;]<\/p>\n","protected":false},"featured_media":6913,"template":"","meta":[],"product_brand":[],"product_cat":[38],"product_tag":[],"class_list":{"0":"post-6912","1":"product","2":"type-product","3":"status-publish","4":"has-post-thumbnail","6":"product_cat-salud-y-recreacion","8":"first","9":"instock","10":"shipping-taxable","11":"purchasable","12":"product-type-simple"},"_links":{"self":[{"href":"https:\/\/sourcing.uls.com.uy\/index.php?rest_route=\/wp\/v2\/product\/6912","targetHints":{"allow":["GET"]}}],"collection":[{"href":"https:\/\/sourcing.uls.com.uy\/index.php?rest_route=\/wp\/v2\/product"}],"about":[{"href":"https:\/\/sourcing.uls.com.uy\/index.php?rest_route=\/wp\/v2\/types\/product"}],"wp:featuredmedia":[{"embeddable":true,"href":"https:\/\/sourcing.uls.com.uy\/index.php?rest_route=\/wp\/v2\/media\/6913"}],"wp:attachment":[{"href":"https:\/\/sourcing.uls.com.uy\/index.php?rest_route=%2Fwp%2Fv2%2Fmedia&parent=6912"}],"wp:term":[{"taxonomy":"product_brand","embeddable":true,"href":"https:\/\/sourcing.uls.com.uy\/index.php?rest_route=%2Fwp%2Fv2%2Fproduct_brand&post=6912"},{"taxonomy":"product_cat","embeddable":true,"href":"https:\/\/sourcing.uls.com.uy\/index.php?rest_route=%2Fwp%2Fv2%2Fproduct_cat&post=6912"},{"taxonomy":"product_tag","embeddable":true,"href":"https:\/\/sourcing.uls.com.uy\/index.php?rest_route=%2Fwp%2Fv2%2Fproduct_tag&post=6912"}],"curies":[{"name":"wp","href":"https:\/\/api.w.org\/{rel}","templated":true}]}}