{"id":5637,"date":"2025-04-16T18:41:16","date_gmt":"2025-04-16T21:41:16","guid":{"rendered":"https:\/\/sourcing.uls.com.uy\/?post_type=product&#038;p=5637"},"modified":"2025-05-14T14:18:59","modified_gmt":"2025-05-14T17:18:59","slug":"lapices-perfumados-con-pelicula-retractil","status":"publish","type":"product","link":"https:\/\/sourcing.uls.com.uy\/?product=lapices-perfumados-con-pelicula-retractil","title":{"rendered":"L\u00e1pices perfumados con pel\u00edcula retr\u00e1ctil"},"content":{"rendered":"<p>Medidas: &#8211; Colores: Madera<\/p>\n","protected":false},"excerpt":{"rendered":"<p>Medidas: &#8211; Colores: Madera<\/p>\n","protected":false},"featured_media":5452,"template":"","meta":[],"product_brand":[],"product_cat":[37],"product_tag":[],"class_list":{"0":"post-5637","1":"product","2":"type-product","3":"status-publish","4":"has-post-thumbnail","6":"product_cat-papeleria","8":"first","9":"instock","10":"shipping-taxable","11":"purchasable","12":"product-type-simple"},"_links":{"self":[{"href":"https:\/\/sourcing.uls.com.uy\/index.php?rest_route=\/wp\/v2\/product\/5637","targetHints":{"allow":["GET"]}}],"collection":[{"href":"https:\/\/sourcing.uls.com.uy\/index.php?rest_route=\/wp\/v2\/product"}],"about":[{"href":"https:\/\/sourcing.uls.com.uy\/index.php?rest_route=\/wp\/v2\/types\/product"}],"wp:featuredmedia":[{"embeddable":true,"href":"https:\/\/sourcing.uls.com.uy\/index.php?rest_route=\/wp\/v2\/media\/5452"}],"wp:attachment":[{"href":"https:\/\/sourcing.uls.com.uy\/index.php?rest_route=%2Fwp%2Fv2%2Fmedia&parent=5637"}],"wp:term":[{"taxonomy":"product_brand","embeddable":true,"href":"https:\/\/sourcing.uls.com.uy\/index.php?rest_route=%2Fwp%2Fv2%2Fproduct_brand&post=5637"},{"taxonomy":"product_cat","embeddable":true,"href":"https:\/\/sourcing.uls.com.uy\/index.php?rest_route=%2Fwp%2Fv2%2Fproduct_cat&post=5637"},{"taxonomy":"product_tag","embeddable":true,"href":"https:\/\/sourcing.uls.com.uy\/index.php?rest_route=%2Fwp%2Fv2%2Fproduct_tag&post=5637"}],"curies":[{"name":"wp","href":"https:\/\/api.w.org\/{rel}","templated":true}]}}