{"id":5103,"date":"2025-04-16T16:51:30","date_gmt":"2025-04-16T19:51:30","guid":{"rendered":"https:\/\/sourcing.uls.com.uy\/?post_type=product&#038;p=5103"},"modified":"2025-05-02T15:30:15","modified_gmt":"2025-05-02T18:30:15","slug":"maquina-de-envasado-al-vacio","status":"publish","type":"product","link":"https:\/\/sourcing.uls.com.uy\/?product=maquina-de-envasado-al-vacio","title":{"rendered":"M\u00e1quina de envasado al vac\u00edo"},"content":{"rendered":"<p>Medidas: 305\u00d7445\u00d7240 Colores: Acero Inoxidable<\/p>\n","protected":false},"excerpt":{"rendered":"<p>Medidas: 305\u00d7445\u00d7240 Colores: Acero Inoxidable<\/p>\n","protected":false},"featured_media":4972,"template":"","meta":[],"product_brand":[],"product_cat":[34],"product_tag":[],"class_list":{"0":"post-5103","1":"product","2":"type-product","3":"status-publish","4":"has-post-thumbnail","6":"product_cat-manufactura","8":"first","9":"instock","10":"shipping-taxable","11":"purchasable","12":"product-type-simple"},"_links":{"self":[{"href":"https:\/\/sourcing.uls.com.uy\/index.php?rest_route=\/wp\/v2\/product\/5103","targetHints":{"allow":["GET"]}}],"collection":[{"href":"https:\/\/sourcing.uls.com.uy\/index.php?rest_route=\/wp\/v2\/product"}],"about":[{"href":"https:\/\/sourcing.uls.com.uy\/index.php?rest_route=\/wp\/v2\/types\/product"}],"wp:featuredmedia":[{"embeddable":true,"href":"https:\/\/sourcing.uls.com.uy\/index.php?rest_route=\/wp\/v2\/media\/4972"}],"wp:attachment":[{"href":"https:\/\/sourcing.uls.com.uy\/index.php?rest_route=%2Fwp%2Fv2%2Fmedia&parent=5103"}],"wp:term":[{"taxonomy":"product_brand","embeddable":true,"href":"https:\/\/sourcing.uls.com.uy\/index.php?rest_route=%2Fwp%2Fv2%2Fproduct_brand&post=5103"},{"taxonomy":"product_cat","embeddable":true,"href":"https:\/\/sourcing.uls.com.uy\/index.php?rest_route=%2Fwp%2Fv2%2Fproduct_cat&post=5103"},{"taxonomy":"product_tag","embeddable":true,"href":"https:\/\/sourcing.uls.com.uy\/index.php?rest_route=%2Fwp%2Fv2%2Fproduct_tag&post=5103"}],"curies":[{"name":"wp","href":"https:\/\/api.w.org\/{rel}","templated":true}]}}