{"id":5100,"date":"2025-04-16T16:51:29","date_gmt":"2025-04-16T19:51:29","guid":{"rendered":"https:\/\/sourcing.uls.com.uy\/?post_type=product&#038;p=5100"},"modified":"2025-05-02T15:15:17","modified_gmt":"2025-05-02T18:15:17","slug":"generador-inverter-portatil","status":"publish","type":"product","link":"https:\/\/sourcing.uls.com.uy\/?product=generador-inverter-portatil","title":{"rendered":"Generador inverter port\u00e1til"},"content":{"rendered":"<p>Medidas: 395\u00d7221\u00d7345mm Colores:<\/p>\n","protected":false},"excerpt":{"rendered":"<p>Medidas: 395\u00d7221\u00d7345mm Colores:<\/p>\n","protected":false},"featured_media":4969,"template":"","meta":[],"product_brand":[],"product_cat":[34],"product_tag":[],"class_list":{"0":"post-5100","1":"product","2":"type-product","3":"status-publish","4":"has-post-thumbnail","6":"product_cat-manufactura","8":"first","9":"instock","10":"shipping-taxable","11":"purchasable","12":"product-type-simple"},"_links":{"self":[{"href":"https:\/\/sourcing.uls.com.uy\/index.php?rest_route=\/wp\/v2\/product\/5100","targetHints":{"allow":["GET"]}}],"collection":[{"href":"https:\/\/sourcing.uls.com.uy\/index.php?rest_route=\/wp\/v2\/product"}],"about":[{"href":"https:\/\/sourcing.uls.com.uy\/index.php?rest_route=\/wp\/v2\/types\/product"}],"wp:featuredmedia":[{"embeddable":true,"href":"https:\/\/sourcing.uls.com.uy\/index.php?rest_route=\/wp\/v2\/media\/4969"}],"wp:attachment":[{"href":"https:\/\/sourcing.uls.com.uy\/index.php?rest_route=%2Fwp%2Fv2%2Fmedia&parent=5100"}],"wp:term":[{"taxonomy":"product_brand","embeddable":true,"href":"https:\/\/sourcing.uls.com.uy\/index.php?rest_route=%2Fwp%2Fv2%2Fproduct_brand&post=5100"},{"taxonomy":"product_cat","embeddable":true,"href":"https:\/\/sourcing.uls.com.uy\/index.php?rest_route=%2Fwp%2Fv2%2Fproduct_cat&post=5100"},{"taxonomy":"product_tag","embeddable":true,"href":"https:\/\/sourcing.uls.com.uy\/index.php?rest_route=%2Fwp%2Fv2%2Fproduct_tag&post=5100"}],"curies":[{"name":"wp","href":"https:\/\/api.w.org\/{rel}","templated":true}]}}