{"id":5084,"date":"2025-04-16T16:51:25","date_gmt":"2025-04-16T19:51:25","guid":{"rendered":"https:\/\/sourcing.uls.com.uy\/?post_type=product&#038;p=5084"},"modified":"2025-05-02T15:35:28","modified_gmt":"2025-05-02T18:35:28","slug":"maquina-de-soplado-e-impresion-de-film","status":"publish","type":"product","link":"https:\/\/sourcing.uls.com.uy\/?product=maquina-de-soplado-e-impresion-de-film","title":{"rendered":"M\u00e1quina de soplado e impresi\u00f3n de film"},"content":{"rendered":"<p>Medidas: 4000mm\u00d71300mm\u00d72500mm Colores:<\/p>\n","protected":false},"excerpt":{"rendered":"<p>Medidas: 4000mm\u00d71300mm\u00d72500mm Colores:<\/p>\n","protected":false},"featured_media":10360,"template":"","meta":[],"product_brand":[],"product_cat":[34],"product_tag":[],"class_list":{"0":"post-5084","1":"product","2":"type-product","3":"status-publish","4":"has-post-thumbnail","6":"product_cat-manufactura","8":"first","9":"instock","10":"shipping-taxable","11":"purchasable","12":"product-type-simple"},"_links":{"self":[{"href":"https:\/\/sourcing.uls.com.uy\/index.php?rest_route=\/wp\/v2\/product\/5084","targetHints":{"allow":["GET"]}}],"collection":[{"href":"https:\/\/sourcing.uls.com.uy\/index.php?rest_route=\/wp\/v2\/product"}],"about":[{"href":"https:\/\/sourcing.uls.com.uy\/index.php?rest_route=\/wp\/v2\/types\/product"}],"wp:featuredmedia":[{"embeddable":true,"href":"https:\/\/sourcing.uls.com.uy\/index.php?rest_route=\/wp\/v2\/media\/10360"}],"wp:attachment":[{"href":"https:\/\/sourcing.uls.com.uy\/index.php?rest_route=%2Fwp%2Fv2%2Fmedia&parent=5084"}],"wp:term":[{"taxonomy":"product_brand","embeddable":true,"href":"https:\/\/sourcing.uls.com.uy\/index.php?rest_route=%2Fwp%2Fv2%2Fproduct_brand&post=5084"},{"taxonomy":"product_cat","embeddable":true,"href":"https:\/\/sourcing.uls.com.uy\/index.php?rest_route=%2Fwp%2Fv2%2Fproduct_cat&post=5084"},{"taxonomy":"product_tag","embeddable":true,"href":"https:\/\/sourcing.uls.com.uy\/index.php?rest_route=%2Fwp%2Fv2%2Fproduct_tag&post=5084"}],"curies":[{"name":"wp","href":"https:\/\/api.w.org\/{rel}","templated":true}]}}