{"id":5060,"date":"2025-04-16T16:51:16","date_gmt":"2025-04-16T19:51:16","guid":{"rendered":"https:\/\/sourcing.uls.com.uy\/?post_type=product&#038;p=5060"},"modified":"2025-04-16T17:05:18","modified_gmt":"2025-04-16T20:05:18","slug":"maquinaria-para-fermentacion-de-pan-refrigerada","status":"publish","type":"product","link":"https:\/\/sourcing.uls.com.uy\/?product=maquinaria-para-fermentacion-de-pan-refrigerada","title":{"rendered":"Maquinaria para fermentaci\u00f3n de pan refrigerada"},"content":{"rendered":"<p>Medidas: 800\u00d71155\u00d72100mm Colores: Blanco<\/p>\n","protected":false},"excerpt":{"rendered":"<p>Medidas: 800\u00d71155\u00d72100mm Colores: Blanco<\/p>\n","protected":false},"featured_media":4425,"template":"","meta":[],"product_brand":[],"product_cat":[34],"product_tag":[],"class_list":{"0":"post-5060","1":"product","2":"type-product","3":"status-publish","4":"has-post-thumbnail","6":"product_cat-manufactura","8":"first","9":"instock","10":"shipping-taxable","11":"purchasable","12":"product-type-simple"},"_links":{"self":[{"href":"https:\/\/sourcing.uls.com.uy\/index.php?rest_route=\/wp\/v2\/product\/5060","targetHints":{"allow":["GET"]}}],"collection":[{"href":"https:\/\/sourcing.uls.com.uy\/index.php?rest_route=\/wp\/v2\/product"}],"about":[{"href":"https:\/\/sourcing.uls.com.uy\/index.php?rest_route=\/wp\/v2\/types\/product"}],"wp:featuredmedia":[{"embeddable":true,"href":"https:\/\/sourcing.uls.com.uy\/index.php?rest_route=\/wp\/v2\/media\/4425"}],"wp:attachment":[{"href":"https:\/\/sourcing.uls.com.uy\/index.php?rest_route=%2Fwp%2Fv2%2Fmedia&parent=5060"}],"wp:term":[{"taxonomy":"product_brand","embeddable":true,"href":"https:\/\/sourcing.uls.com.uy\/index.php?rest_route=%2Fwp%2Fv2%2Fproduct_brand&post=5060"},{"taxonomy":"product_cat","embeddable":true,"href":"https:\/\/sourcing.uls.com.uy\/index.php?rest_route=%2Fwp%2Fv2%2Fproduct_cat&post=5060"},{"taxonomy":"product_tag","embeddable":true,"href":"https:\/\/sourcing.uls.com.uy\/index.php?rest_route=%2Fwp%2Fv2%2Fproduct_tag&post=5060"}],"curies":[{"name":"wp","href":"https:\/\/api.w.org\/{rel}","templated":true}]}}