{"id":4253,"date":"2025-04-16T14:22:25","date_gmt":"2025-04-16T17:22:25","guid":{"rendered":"https:\/\/sourcing.uls.com.uy\/?post_type=product&#038;p=4253"},"modified":"2025-04-23T14:58:37","modified_gmt":"2025-04-23T17:58:37","slug":"dispensador-de-vino-electrico","status":"publish","type":"product","link":"https:\/\/sourcing.uls.com.uy\/?product=dispensador-de-vino-electrico","title":{"rendered":"Dispensador de vino el\u00e9ctrico"},"content":{"rendered":"<p>Medidas: 55\u00d7113.8\u00d7120mm Colores: Negro<\/p>\n","protected":false},"excerpt":{"rendered":"<p>Medidas: 55\u00d7113.8\u00d7120mm Colores: Negro<\/p>\n","protected":false},"featured_media":3830,"template":"","meta":[],"product_brand":[],"product_cat":[36],"product_tag":[],"class_list":{"0":"post-4253","1":"product","2":"type-product","3":"status-publish","4":"has-post-thumbnail","6":"product_cat-articulos-del-hogar","8":"first","9":"instock","10":"shipping-taxable","11":"purchasable","12":"product-type-simple"},"_links":{"self":[{"href":"https:\/\/sourcing.uls.com.uy\/index.php?rest_route=\/wp\/v2\/product\/4253","targetHints":{"allow":["GET"]}}],"collection":[{"href":"https:\/\/sourcing.uls.com.uy\/index.php?rest_route=\/wp\/v2\/product"}],"about":[{"href":"https:\/\/sourcing.uls.com.uy\/index.php?rest_route=\/wp\/v2\/types\/product"}],"wp:featuredmedia":[{"embeddable":true,"href":"https:\/\/sourcing.uls.com.uy\/index.php?rest_route=\/wp\/v2\/media\/3830"}],"wp:attachment":[{"href":"https:\/\/sourcing.uls.com.uy\/index.php?rest_route=%2Fwp%2Fv2%2Fmedia&parent=4253"}],"wp:term":[{"taxonomy":"product_brand","embeddable":true,"href":"https:\/\/sourcing.uls.com.uy\/index.php?rest_route=%2Fwp%2Fv2%2Fproduct_brand&post=4253"},{"taxonomy":"product_cat","embeddable":true,"href":"https:\/\/sourcing.uls.com.uy\/index.php?rest_route=%2Fwp%2Fv2%2Fproduct_cat&post=4253"},{"taxonomy":"product_tag","embeddable":true,"href":"https:\/\/sourcing.uls.com.uy\/index.php?rest_route=%2Fwp%2Fv2%2Fproduct_tag&post=4253"}],"curies":[{"name":"wp","href":"https:\/\/api.w.org\/{rel}","templated":true}]}}