{"id":3684,"date":"2025-04-15T22:22:38","date_gmt":"2025-04-16T01:22:38","guid":{"rendered":"https:\/\/sourcing.uls.com.uy\/?post_type=product&#038;p=3684"},"modified":"2025-04-23T16:42:56","modified_gmt":"2025-04-23T19:42:56","slug":"banera-acrilica-independiente","status":"publish","type":"product","link":"https:\/\/sourcing.uls.com.uy\/?product=banera-acrilica-independiente","title":{"rendered":"Ba\u00f1era acr\u00edlica independiente"},"content":{"rendered":"<p>Medidas: 1700x750x600 Colores: Acr\u00edlico<\/p>\n","protected":false},"excerpt":{"rendered":"<p>Medidas: 1700x750x600 Colores: Acr\u00edlico<\/p>\n","protected":false},"featured_media":3415,"template":"","meta":[],"product_brand":[],"product_cat":[35],"product_tag":[],"class_list":{"0":"post-3684","1":"product","2":"type-product","3":"status-publish","4":"has-post-thumbnail","6":"product_cat-construccion-y-muebles","8":"first","9":"instock","10":"shipping-taxable","11":"purchasable","12":"product-type-simple"},"_links":{"self":[{"href":"https:\/\/sourcing.uls.com.uy\/index.php?rest_route=\/wp\/v2\/product\/3684","targetHints":{"allow":["GET"]}}],"collection":[{"href":"https:\/\/sourcing.uls.com.uy\/index.php?rest_route=\/wp\/v2\/product"}],"about":[{"href":"https:\/\/sourcing.uls.com.uy\/index.php?rest_route=\/wp\/v2\/types\/product"}],"wp:featuredmedia":[{"embeddable":true,"href":"https:\/\/sourcing.uls.com.uy\/index.php?rest_route=\/wp\/v2\/media\/3415"}],"wp:attachment":[{"href":"https:\/\/sourcing.uls.com.uy\/index.php?rest_route=%2Fwp%2Fv2%2Fmedia&parent=3684"}],"wp:term":[{"taxonomy":"product_brand","embeddable":true,"href":"https:\/\/sourcing.uls.com.uy\/index.php?rest_route=%2Fwp%2Fv2%2Fproduct_brand&post=3684"},{"taxonomy":"product_cat","embeddable":true,"href":"https:\/\/sourcing.uls.com.uy\/index.php?rest_route=%2Fwp%2Fv2%2Fproduct_cat&post=3684"},{"taxonomy":"product_tag","embeddable":true,"href":"https:\/\/sourcing.uls.com.uy\/index.php?rest_route=%2Fwp%2Fv2%2Fproduct_tag&post=3684"}],"curies":[{"name":"wp","href":"https:\/\/api.w.org\/{rel}","templated":true}]}}