{"id":3383,"date":"2025-04-15T21:26:07","date_gmt":"2025-04-16T00:26:07","guid":{"rendered":"https:\/\/sourcing.uls.com.uy\/?post_type=product&#038;p=3383"},"modified":"2025-04-29T16:47:21","modified_gmt":"2025-04-29T19:47:21","slug":"lino-frances","status":"publish","type":"product","link":"https:\/\/sourcing.uls.com.uy\/?product=lino-frances","title":{"rendered":"Funda n\u00f3rdica de lino franc\u00e9s"},"content":{"rendered":"<p>Medidas: una plaza, dos plazas, queen, king Colores: &#8211; Material: 100% lino org\u00e1nico<\/p>\n","protected":false},"excerpt":{"rendered":"<p>Medidas: una plaza, dos plazas, queen, king Colores: &#8211; Material: 100% lino org\u00e1nico<\/p>\n","protected":false},"featured_media":3166,"template":"","meta":[],"product_brand":[],"product_cat":[41],"product_tag":[],"class_list":{"0":"post-3383","1":"product","2":"type-product","3":"status-publish","4":"has-post-thumbnail","6":"product_cat-textiles-para-el-hogar","8":"first","9":"instock","10":"shipping-taxable","11":"purchasable","12":"product-type-simple"},"_links":{"self":[{"href":"https:\/\/sourcing.uls.com.uy\/index.php?rest_route=\/wp\/v2\/product\/3383","targetHints":{"allow":["GET"]}}],"collection":[{"href":"https:\/\/sourcing.uls.com.uy\/index.php?rest_route=\/wp\/v2\/product"}],"about":[{"href":"https:\/\/sourcing.uls.com.uy\/index.php?rest_route=\/wp\/v2\/types\/product"}],"wp:featuredmedia":[{"embeddable":true,"href":"https:\/\/sourcing.uls.com.uy\/index.php?rest_route=\/wp\/v2\/media\/3166"}],"wp:attachment":[{"href":"https:\/\/sourcing.uls.com.uy\/index.php?rest_route=%2Fwp%2Fv2%2Fmedia&parent=3383"}],"wp:term":[{"taxonomy":"product_brand","embeddable":true,"href":"https:\/\/sourcing.uls.com.uy\/index.php?rest_route=%2Fwp%2Fv2%2Fproduct_brand&post=3383"},{"taxonomy":"product_cat","embeddable":true,"href":"https:\/\/sourcing.uls.com.uy\/index.php?rest_route=%2Fwp%2Fv2%2Fproduct_cat&post=3383"},{"taxonomy":"product_tag","embeddable":true,"href":"https:\/\/sourcing.uls.com.uy\/index.php?rest_route=%2Fwp%2Fv2%2Fproduct_tag&post=3383"}],"curies":[{"name":"wp","href":"https:\/\/api.w.org\/{rel}","templated":true}]}}