{"id":3362,"date":"2025-04-15T21:26:00","date_gmt":"2025-04-16T00:26:00","guid":{"rendered":"https:\/\/sourcing.uls.com.uy\/?post_type=product&#038;p=3362"},"modified":"2025-04-28T15:22:26","modified_gmt":"2025-04-28T18:22:26","slug":"almohadon-para-el-cuello-con-diseno","status":"publish","type":"product","link":"https:\/\/sourcing.uls.com.uy\/?product=almohadon-para-el-cuello-con-diseno","title":{"rendered":"Almohad\u00f3n para el cuello 2 en 1 con dise\u00f1o"},"content":{"rendered":"<p>Medidas: 30x30cm, 30x35cm Colores: Marr\u00f3n Material: poli\u00e9ster y spandex<\/p>\n","protected":false},"excerpt":{"rendered":"<p>Medidas: 30x30cm, 30x35cm Colores: Marr\u00f3n Material: poli\u00e9ster y spandex<\/p>\n","protected":false},"featured_media":3215,"template":"","meta":[],"product_brand":[],"product_cat":[41],"product_tag":[],"class_list":{"0":"post-3362","1":"product","2":"type-product","3":"status-publish","4":"has-post-thumbnail","6":"product_cat-textiles-para-el-hogar","8":"first","9":"instock","10":"shipping-taxable","11":"purchasable","12":"product-type-simple"},"_links":{"self":[{"href":"https:\/\/sourcing.uls.com.uy\/index.php?rest_route=\/wp\/v2\/product\/3362","targetHints":{"allow":["GET"]}}],"collection":[{"href":"https:\/\/sourcing.uls.com.uy\/index.php?rest_route=\/wp\/v2\/product"}],"about":[{"href":"https:\/\/sourcing.uls.com.uy\/index.php?rest_route=\/wp\/v2\/types\/product"}],"wp:featuredmedia":[{"embeddable":true,"href":"https:\/\/sourcing.uls.com.uy\/index.php?rest_route=\/wp\/v2\/media\/3215"}],"wp:attachment":[{"href":"https:\/\/sourcing.uls.com.uy\/index.php?rest_route=%2Fwp%2Fv2%2Fmedia&parent=3362"}],"wp:term":[{"taxonomy":"product_brand","embeddable":true,"href":"https:\/\/sourcing.uls.com.uy\/index.php?rest_route=%2Fwp%2Fv2%2Fproduct_brand&post=3362"},{"taxonomy":"product_cat","embeddable":true,"href":"https:\/\/sourcing.uls.com.uy\/index.php?rest_route=%2Fwp%2Fv2%2Fproduct_cat&post=3362"},{"taxonomy":"product_tag","embeddable":true,"href":"https:\/\/sourcing.uls.com.uy\/index.php?rest_route=%2Fwp%2Fv2%2Fproduct_tag&post=3362"}],"curies":[{"name":"wp","href":"https:\/\/api.w.org\/{rel}","templated":true}]}}