{"id":3293,"date":"2025-04-15T21:25:43","date_gmt":"2025-04-16T00:25:43","guid":{"rendered":"https:\/\/sourcing.uls.com.uy\/?post_type=product&#038;p=3293"},"modified":"2025-05-14T13:51:59","modified_gmt":"2025-05-14T16:51:59","slug":"manta-super-suave","status":"publish","type":"product","link":"https:\/\/sourcing.uls.com.uy\/?product=manta-super-suave","title":{"rendered":"Manta s\u00faper suave"},"content":{"rendered":"<p>Medidas: 150*200 Colores: Amarillo, violeta, crema, rosado oscuro, marr\u00f3n, azul, rojo Material: 100% poli\u00e9ster<\/p>\n","protected":false},"excerpt":{"rendered":"<p>Medidas: 150*200 Colores: Amarillo, violeta, crema, rosado oscuro, marr\u00f3n, azul, rojo Material: 100% poli\u00e9ster<\/p>\n","protected":false},"featured_media":3001,"template":"","meta":[],"product_brand":[],"product_cat":[41],"product_tag":[],"class_list":{"0":"post-3293","1":"product","2":"type-product","3":"status-publish","4":"has-post-thumbnail","6":"product_cat-textiles-para-el-hogar","8":"first","9":"instock","10":"shipping-taxable","11":"purchasable","12":"product-type-simple"},"_links":{"self":[{"href":"https:\/\/sourcing.uls.com.uy\/index.php?rest_route=\/wp\/v2\/product\/3293","targetHints":{"allow":["GET"]}}],"collection":[{"href":"https:\/\/sourcing.uls.com.uy\/index.php?rest_route=\/wp\/v2\/product"}],"about":[{"href":"https:\/\/sourcing.uls.com.uy\/index.php?rest_route=\/wp\/v2\/types\/product"}],"wp:featuredmedia":[{"embeddable":true,"href":"https:\/\/sourcing.uls.com.uy\/index.php?rest_route=\/wp\/v2\/media\/3001"}],"wp:attachment":[{"href":"https:\/\/sourcing.uls.com.uy\/index.php?rest_route=%2Fwp%2Fv2%2Fmedia&parent=3293"}],"wp:term":[{"taxonomy":"product_brand","embeddable":true,"href":"https:\/\/sourcing.uls.com.uy\/index.php?rest_route=%2Fwp%2Fv2%2Fproduct_brand&post=3293"},{"taxonomy":"product_cat","embeddable":true,"href":"https:\/\/sourcing.uls.com.uy\/index.php?rest_route=%2Fwp%2Fv2%2Fproduct_cat&post=3293"},{"taxonomy":"product_tag","embeddable":true,"href":"https:\/\/sourcing.uls.com.uy\/index.php?rest_route=%2Fwp%2Fv2%2Fproduct_tag&post=3293"}],"curies":[{"name":"wp","href":"https:\/\/api.w.org\/{rel}","templated":true}]}}