{"id":2869,"date":"2025-04-15T20:05:38","date_gmt":"2025-04-15T23:05:38","guid":{"rendered":"https:\/\/sourcing.uls.com.uy\/?post_type=product&#038;p=2869"},"modified":"2025-05-14T15:47:20","modified_gmt":"2025-05-14T18:47:20","slug":"tapones-para-los-oidos-de-espuma","status":"publish","type":"product","link":"https:\/\/sourcing.uls.com.uy\/?product=tapones-para-los-oidos-de-espuma","title":{"rendered":"Tapones para los o\u00eddos de espuma"},"content":{"rendered":"<p>Medidas: &#8211; Colores: Naranja<\/p>\n<p>Tapones para los o\u00eddos desechables de espuma de poliuretano &#8211; NRR 31<\/p>\n<p>1. Tap\u00f3n econ\u00f3mico<\/p>\n<p>2. Sin cord\u00f3n<\/p>\n<p>3. NRR 31 dB<\/p>\n<p>4. Naranja<\/p>\n<p>5. Tap\u00f3n c\u00f3nico<\/p>\n<p>6. Espuma de poliuretano (PU)<\/p>\n<p>TALLA: Talla \u00fanica<\/p>\n","protected":false},"excerpt":{"rendered":"<p>Medidas: &#8211; Colores: Naranja Tapones para los o\u00eddos desechables de espuma de poliuretano &#8211; NRR 31 1. Tap\u00f3n econ\u00f3mico 2. Sin cord\u00f3n 3. NRR 31 dB 4. Naranja 5. Tap\u00f3n c\u00f3nico 6. Espuma de poliuretano (PU) TALLA: Talla \u00fanica<\/p>\n","protected":false},"featured_media":2648,"template":"","meta":[],"product_brand":[],"product_cat":[38],"product_tag":[],"class_list":{"0":"post-2869","1":"product","2":"type-product","3":"status-publish","4":"has-post-thumbnail","6":"product_cat-salud-y-recreacion","8":"first","9":"instock","10":"shipping-taxable","11":"purchasable","12":"product-type-simple"},"_links":{"self":[{"href":"https:\/\/sourcing.uls.com.uy\/index.php?rest_route=\/wp\/v2\/product\/2869","targetHints":{"allow":["GET"]}}],"collection":[{"href":"https:\/\/sourcing.uls.com.uy\/index.php?rest_route=\/wp\/v2\/product"}],"about":[{"href":"https:\/\/sourcing.uls.com.uy\/index.php?rest_route=\/wp\/v2\/types\/product"}],"wp:featuredmedia":[{"embeddable":true,"href":"https:\/\/sourcing.uls.com.uy\/index.php?rest_route=\/wp\/v2\/media\/2648"}],"wp:attachment":[{"href":"https:\/\/sourcing.uls.com.uy\/index.php?rest_route=%2Fwp%2Fv2%2Fmedia&parent=2869"}],"wp:term":[{"taxonomy":"product_brand","embeddable":true,"href":"https:\/\/sourcing.uls.com.uy\/index.php?rest_route=%2Fwp%2Fv2%2Fproduct_brand&post=2869"},{"taxonomy":"product_cat","embeddable":true,"href":"https:\/\/sourcing.uls.com.uy\/index.php?rest_route=%2Fwp%2Fv2%2Fproduct_cat&post=2869"},{"taxonomy":"product_tag","embeddable":true,"href":"https:\/\/sourcing.uls.com.uy\/index.php?rest_route=%2Fwp%2Fv2%2Fproduct_tag&post=2869"}],"curies":[{"name":"wp","href":"https:\/\/api.w.org\/{rel}","templated":true}]}}